{"id":37259,"date":"2020-12-17T17:57:25","date_gmt":"2020-12-17T16:57:25","guid":{"rendered":"https:\/\/www.gielle.it\/it\/?page_id=37259"},"modified":"2022-01-21T11:59:13","modified_gmt":"2022-01-21T10:59:13","slug":"fornitura-gas-refrigeranti","status":"publish","type":"page","link":"https:\/\/www.gielle.it\/it\/fornitura-gas-refrigeranti\/","title":{"rendered":"Fornitura gas refrigeranti"},"content":{"rendered":"<section class=\"wpb-content-wrapper\"><p>[vc_row][vc_column][vc_column_text]Gielle Industries offre <strong>una gamma completa di fluidi e gas refrigeranti<\/strong> per ogni necessit\u00e0 e per tutte le applicazioni, ed \u00e8 punto di riferimento per molti degli operatori del settore della refrigerazione e condizionamento.<\/p>\n<p>Gielle propone una linea completa di gas per le migliori prestazioni nel condizionamento e nella refrigerazione: R134a, R404a, R407a, R407c, R410a, R417a, R417b, R507, R508a. Dai consolidati, e largamente utilizzati, R134a o R404a, ad alto impatto in termini di GWP, agli ultimi prodotti a minor GWP come R507 o R407C.<\/p>\n<p>Gielle Industries, da sempre impegnata nella salvaguardia dell\u2019ambiente, oltre ai tradizionali idrofluorocarburi (HFC) propone soluzioni pi\u00f9 sostenibili: nuove miscele a basso gwp, a base di idrofluoro olefine (HFO), e refrigeranti naturali.<\/p>\n<p><strong>I gas refrigeranti Gielle Industries garantiscono il corretto funzionamento degli impianti<\/strong> nella massima sicurezza ed assicurano anche un importante risparmio energetico.<\/p>\n<p>Soddisfiamo i fabbisogni di gas refrigeranti, assicurando disponibilit\u00e0 di prodotti e puntualit\u00e0 nelle consegne. La fornitura \u00e8 disponibile nella pi\u00f9 ampia variet\u00e0 di imballi: distribuiamo gas refrigeranti in isotank sfuso, in bomboloni e in bombole per i pi\u00f9 importanti operatori nel settore del freddo.[\/vc_column_text][vc_empty_space height=&#8221;20px&#8221;][vc_single_image image=&#8221;37445&#8243; img_size=&#8221;full&#8221; alignment=&#8221;center&#8221;][vc_empty_space height=&#8221;5px&#8221;][\/vc_column][\/vc_row][vc_row margin_top=&#8221;25&#8243; margin_bottom=&#8221;25&#8243; type=&#8221;1&#8243; padding_top=&#8221;30&#8243; padding_bottom=&#8221;20&#8243;][vc_column][vc_column_text]<\/p>\n<h4>Assistenza, consulenza e formazione in tutte le fasi di utilizzo dei gas<\/h4>\n<p>Gielle Industries mette a disposizione un team di esperti e di professionisti in grado di accompagnare il cliente non solo nella fornitura dei gas, ma anche nella gestione di tutte le diverse problematiche legate al loro impiego: un unico punto di riferimento in grado di supportare i clienti in tutte le fasi del processo di utilizzo dei gas.<\/p>\n<h4>Servizi di recupero, rigenerazione e smaltimento di prodotti esausti<\/h4>\n<p>Grazie alla grande competenza ed esperienza maturata, offriamo i servizi di recupero, rigenerazione e smaltimento di prodotti esausti secondo quanto previsto dalle vigenti normative.<\/p>\n<h4>Evitate gli elevati costi di riconversione degli impianti obbligatoria per legge<\/h4>\n<p>In attuazione del regolamento Europeo F-Gas (517\/2014) alcuni gas refrigeranti, che potrebbero essere presenti nei vostri impianti, sono in fase di dismissione.<\/p>\n<p>Fra essi vi sono i seguenti:<br \/>\nR 507 (messo al bando a partire dal 01\/01\/2020, GWP 3985)<br \/>\nR 404 (messo al bando a partire dal 01\/01\/2020, GWP 3922)<\/p>\n<p>In particolare, come riportato ai punti 11 e 12 dell\u2019Allegato III (Divieti di Immissione in Commercio ai sensi dell\u2019Art. 11 Paragrafo 1) del regolamento F-Gas 517\/2014, questi gas sono in dismissione se e solo se impiegati in:<br \/>\n&#8211; 11) Frigoriferi e congelatori per uso commerciale (apparecchiature ermeticamente sigillate) Contenenti HFC con potenziale di riscaldamento globale pari o superiore a 2500;<br \/>\n&#8211; 12) Apparecchiature fisse di refrigerazione contenenti HFC con potenziale di riscaldamento globale pari o superiore a 2500, o il cui funzionamento dipende dai suddetti HFC a eccezione delle apparecchiature concepite per raffreddare prodotti a temperature inferiori a -50\u00b0C.<\/p>\n<p>Quindi a partire dal 2020 non \u00e8 pi\u00f9 possibile intervenire per reintegrare le eventuali perdite da impianti contenenti questi gas a meno che non si utilizzi prodotto rigenerato o gas alternativi ad un pi\u00f9 basso potere di riscaldamento globale (GWP) (quest\u2019ultimi richiedono la costosa riconversione dell\u2019impianto).<\/p>\n<p>Gielle Industries, attraverso il suo servizio dedicato, pu\u00f2 recuperare e rigenerare il gas presente nei vostri impianti per offrirvi prodotto rigenerato e prolungare la vita dei vostri sistemi.<br \/>\nNonostante il phase-out potrete cos\u00ec evitare gli elevati investimenti economici per riconvertire gli impianti a gas alternativi ad un pi\u00f9 basso potere di riscaldamento globale (GWP) in maniera rispettosa dell\u2019ambiente e conformemente alle ultime normative.<\/p>\n<p>Gielle, titolare di un Accordo di Programma con il Ministero dell\u2019Ambiente, effettua su tutto il territorio nazionale la raccolta dei gas refrigeranti ed estinguenti esausti per poi procedere al riciclo e alla rigenerazione.<\/p>\n<p>La nostra soluzione \u201cchiavi in mano\u201d per la rigenerazione di gas refrigeranti esausti \u00e8 ideale per frigoristi e manutentori di impianti di refrigerazione\/condizionamento.[\/vc_column_text][vc_empty_space height=&#8221;15px&#8221;][\/vc_column][\/vc_row][vc_row][vc_column][vc_empty_space height=&#8221;10px&#8221;][vc_column_text]<\/p>\n<h3 style=\"text-align: center;\">IMPIANTI E SISTEMI ANTINCENDIO<\/h3>\n<p>[\/vc_column_text][vc_empty_space height=&#8221;10px&#8221;]<div class=\"hr-thin style-line\" style=\"width: 20%;border-top-width: 5px;\"><\/div>[vc_empty_space height=&#8221;40px&#8221;][\/vc_column][\/vc_row][vc_row][vc_column width=&#8221;3\/4&#8243;][vc_row_inner][vc_column_inner width=&#8221;1\/3&#8243;]<section class=\"shortcode-teaser img-full frame-fancy frame-on zoomIn animate-element\"><div class=\"shortcode-teaser-img\"><a class=\"layzr-bg rollover\" href=\"https:\/\/www.gielle.it\/it\/impianti-antincendio-fm200\/\"><img class=\"lazy-load\" src=\"data:image\/svg+xml;charset=utf-8,%3Csvg xmlns%3D&#039;http%3A%2F%2Fwww.w3.org%2F2000%2Fsvg&#039; viewBox%3D&#039;0 0 350 250&#039;%2F%3E\" width=\"350\" height=\"250\" data-srcset=\"https:\/\/www.gielle.it\/it\/wp-content\/uploads\/2016\/05\/fm200_f1.jpg 350w\" data-src=\"https:\/\/www.gielle.it\/it\/wp-content\/uploads\/2016\/05\/fm200_f1.jpg\" \/><\/a><\/div><div class=\"shortcode-teaser-content text-big\"><h5 style=\"text-align: center;\">Impianti FM-200<\/h5>\n<p style=\"text-align: center;\">Progettazione, installazione e manutenzione di impianti antincendio FM-200.<\/p>\n<p style=\"text-align: center;\"><a href=\"https:\/\/www.gielle.it\/it\/impianti-antincendio-fm200\/\" class=\"btn-shortcode dt-btn-s dt-btn default-btn-color default-btn-hover-color default-btn-bg-color default-btn-bg-hover-color ico-right-side\" id=\"dt-btn-1\"><span>DETTAGLI<\/span><i class=\"fa fa-chevron-right\"><\/i><\/a><\/p>\n<\/div><\/section>[\/vc_column_inner][vc_column_inner width=&#8221;1\/3&#8243;]<section class=\"shortcode-teaser img-full frame-fancy frame-on zoomIn animate-element\"><div class=\"shortcode-teaser-img\"><a class=\"layzr-bg rollover\" href=\"https:\/\/www.gielle.it\/it\/impianti-antincendio-novec-1230\/\"><img class=\"lazy-load\" src=\"data:image\/svg+xml;charset=utf-8,%3Csvg xmlns%3D&#039;http%3A%2F%2Fwww.w3.org%2F2000%2Fsvg&#039; viewBox%3D&#039;0 0 350 250&#039;%2F%3E\" width=\"350\" height=\"250\" data-srcset=\"https:\/\/www.gielle.it\/it\/wp-content\/uploads\/2016\/05\/novec_f1.jpg 350w\" data-src=\"https:\/\/www.gielle.it\/it\/wp-content\/uploads\/2016\/05\/novec_f1.jpg\" \/><\/a><\/div><div class=\"shortcode-teaser-content text-big\"><h5 style=\"text-align: center;\">Impianti 3M\u2122 Novec\u2122 1230<\/h5>\n<p style=\"text-align: center;\">Impianti e sistemi antincendio con 3M\u2122 Novec\u2122 1230, soluzioni chiavi in mano.<\/p>\n<p style=\"text-align: center;\"><a href=\"https:\/\/www.gielle.it\/it\/impianti-antincendio-novec-1230\/\" class=\"btn-shortcode dt-btn-s dt-btn default-btn-color default-btn-hover-color default-btn-bg-color default-btn-bg-hover-color ico-right-side\" id=\"dt-btn-2\"><span>DETTAGLI<\/span><i class=\"fa fa-chevron-right\"><\/i><\/a><\/p>\n<\/div><\/section>[\/vc_column_inner][vc_column_inner width=&#8221;1\/3&#8243;]<section class=\"shortcode-teaser img-full frame-fancy frame-on zoomIn animate-element\"><div class=\"shortcode-teaser-img\"><a class=\"layzr-bg rollover\" href=\"https:\/\/www.gielle.it\/it\/centro-raccolta-halon\/\"><img class=\"lazy-load\" src=\"data:image\/svg+xml;charset=utf-8,%3Csvg xmlns%3D&#039;http%3A%2F%2Fwww.w3.org%2F2000%2Fsvg&#039; viewBox%3D&#039;0 0 350 250&#039;%2F%3E\" width=\"350\" height=\"250\" data-srcset=\"https:\/\/www.gielle.it\/it\/wp-content\/uploads\/2016\/05\/halon_f1.jpg 350w\" data-src=\"https:\/\/www.gielle.it\/it\/wp-content\/uploads\/2016\/05\/halon_f1.jpg\" \/><\/a><\/div><div class=\"shortcode-teaser-content text-big\"><h5 style=\"text-align: center;\">Centro raccolta Halon<\/h5>\n<p style=\"text-align: center;\">Gielle \u00e8 centro autorizzato alla raccolta, riciclo e recupero dell&#8217;Halon.<\/p>\n<p style=\"text-align: center;\"><a href=\"https:\/\/www.gielle.it\/it\/centro-raccolta-halon\/\" class=\"btn-shortcode dt-btn-s dt-btn default-btn-color default-btn-hover-color default-btn-bg-color default-btn-bg-hover-color ico-right-side\" id=\"dt-btn-3\"><span>DETTAGLI<\/span><i class=\"fa fa-chevron-right\"><\/i><\/a><\/p>\n<\/div><\/section>[\/vc_column_inner][\/vc_row_inner][vc_row_inner][vc_column_inner][vc_empty_space height=&#8221;20px&#8221;]<div class=\"dt-fancy-separator style-dashed\" style=\"width: 100%;\"><div class=\"dt-fancy-title\" style=\"color: #c4c4c4;\"><span class=\"separator-holder separator-left\"><\/span>Qualit\u00e0 certificata<span class=\"separator-holder separator-right\"><\/span><\/div><\/div>[vc_empty_space height=&#8221;5px&#8221;][vc_single_image image=&#8221;35576&#8243; img_size=&#8221;full&#8221; alignment=&#8221;center&#8221; image_hovers=&#8221;false&#8221;][vc_empty_space height=&#8221;5px&#8221;]<style type=\"text\/css\" data-type=\"the7_shortcodes-inline-css\">.shortcode-single-image-wrap.shortcode-single-image-04094e08ddf269c7e9f16e06d1a6fd4e.enable-bg-rollover .rollover i,\n.shortcode-single-image-wrap.shortcode-single-image-04094e08ddf269c7e9f16e06d1a6fd4e.enable-bg-rollover .rollover-video i {\n  background: -webkit-linear-gradient();\n  background: linear-gradient();\n}\n.shortcode-single-image-wrap.shortcode-single-image-04094e08ddf269c7e9f16e06d1a6fd4e .rollover-icon {\n  font-size: 32px;\n  color: #ffffff;\n  min-width: 44px;\n  min-height: 44px;\n  line-height: 44px;\n  border-radius: 100px;\n  border-style: solid;\n  border-width: 0px;\n}\n.dt-icon-bg-on.shortcode-single-image-wrap.shortcode-single-image-04094e08ddf269c7e9f16e06d1a6fd4e .rollover-icon {\n  background: rgba(255,255,255,0.3);\n  box-shadow: none;\n}\n<\/style><div class=\"shortcode-single-image-wrap shortcode-single-image-04094e08ddf269c7e9f16e06d1a6fd4e alignnone  enable-bg-rollover dt-icon-bg-off\" style=\"margin-top:0px; margin-bottom:0px; margin-left:0px; margin-right:0px;\"><div class=\"shortcode-single-image\"><div class=\"fancy-media-wrap  layzr-bg\" style=\"\"><img class=\"preload-me lazy-load aspect\" src=\"data:image\/svg+xml,%3Csvg%20xmlns%3D&#39;http%3A%2F%2Fwww.w3.org%2F2000%2Fsvg&#39;%20viewBox%3D&#39;0%200%201600%20201&#39;%2F%3E\" data-src=\"https:\/\/www.gielle.it\/it\/wp-content\/uploads\/2016\/07\/regione_puglia.jpg\" data-srcset=\"https:\/\/www.gielle.it\/it\/wp-content\/uploads\/2016\/07\/regione_puglia.jpg 1600w\" loading=\"eager\" sizes=\"(max-width: 1600px) 100vw, 1600px\" width=\"1600\" height=\"201\"  data-dt-location=\"https:\/\/www.gielle.it\/it\/gielle-group\/regione_puglia\/\" style=\"--ratio: 1600 \/ 201;\" alt=\"\" \/><\/div><\/div><\/div>[\/vc_column_inner][\/vc_row_inner][\/vc_column][vc_column width=&#8221;1\/4&#8243; animation=&#8221;fadeInRight&#8221;][vc_tta_accordion c_icon=&#8221;&#8221; active_section=&#8221;1&#8243;][vc_tta_section i_icon_fontawesome=&#8221;fa fa-envelope-o&#8221; title=&#8221;Info e preventivi&#8221; tab_id=&#8221;1454324421020-3531770a-3ab9&#8243; add_icon=&#8221;true&#8221;][vc_column_text]\n<div class=\"wpcf7 no-js\" id=\"wpcf7-f36538-o1\" lang=\"it-IT\" dir=\"ltr\">\n<div class=\"screen-reader-response\"><p role=\"status\" aria-live=\"polite\" aria-atomic=\"true\"><\/p> <ul><\/ul><\/div>\n<form action=\"\/it\/wp-json\/wp\/v2\/pages\/37259#wpcf7-f36538-o1\" method=\"post\" class=\"wpcf7-form init\" aria-label=\"Modulo di contatto\" novalidate=\"novalidate\" data-status=\"init\">\n<div style=\"display: none;\">\n<input type=\"hidden\" name=\"_wpcf7\" value=\"36538\" \/>\n<input type=\"hidden\" name=\"_wpcf7_version\" value=\"5.7.7\" \/>\n<input type=\"hidden\" name=\"_wpcf7_locale\" value=\"it_IT\" \/>\n<input type=\"hidden\" name=\"_wpcf7_unit_tag\" value=\"wpcf7-f36538-o1\" \/>\n<input type=\"hidden\" name=\"_wpcf7_container_post\" value=\"0\" \/>\n<input type=\"hidden\" name=\"_wpcf7_posted_data_hash\" value=\"\" \/>\n<input type=\"hidden\" name=\"_wpcf7_recaptcha_response\" value=\"\" \/>\n<\/div>\n<p>Sono interessato a\n<\/p>\n<p><span class=\"wpcf7-form-control-wrap\" data-name=\"product\"><select class=\"wpcf7-form-control wpcf7-select wpcf7-validates-as-required longselect\" aria-required=\"true\" aria-invalid=\"false\" name=\"product\"><option value=\"FM-200\">FM-200<\/option><option value=\"Novec 1230\">Novec 1230<\/option><option value=\"FK-5-1-12\">FK-5-1-12<\/option><option value=\"Halon 1301\">Halon 1301<\/option><option value=\"Halon 1211\">Halon 1211<\/option><option value=\"Halon 2402\">Halon 2402<\/option><option value=\"HFC 227\">HFC 227<\/option><option value=\"HFC 125\">HFC 125<\/option><option value=\"Raccolta F-GAS\">Raccolta F-GAS<\/option><option value=\"Door fan test\">Door fan test<\/option><option value=\"Collaudo bombole gas\">Collaudo bombole gas<\/option><option value=\"Fornitura gas refrigeranti\">Fornitura gas refrigeranti<\/option><option value=\"Check-up antincendio\">Check-up antincendio<\/option><option value=\"Manutenzione antincendio\">Manutenzione antincendio<\/option><option value=\"Estintori\">Estintori<\/option><option value=\"Manutenzione estintori\">Manutenzione estintori<\/option><option value=\"Vigilanza antincendio\">Vigilanza antincendio<\/option><option value=\"Altro\">Altro<\/option><\/select><\/span>\n<\/p>\n<p>Nome e Cognome*\n<\/p>\n<p><span class=\"wpcf7-form-control-wrap\" data-name=\"your-name\"><input size=\"40\" class=\"wpcf7-form-control wpcf7-text wpcf7-validates-as-required\" aria-required=\"true\" aria-invalid=\"false\" value=\"\" type=\"text\" name=\"your-name\" \/><\/span>\n<\/p>\n<p>La tua E-mail*\n<\/p>\n<p><span class=\"wpcf7-form-control-wrap\" data-name=\"your-email\"><input size=\"40\" class=\"wpcf7-form-control wpcf7-text wpcf7-email wpcf7-validates-as-required wpcf7-validates-as-email\" aria-required=\"true\" aria-invalid=\"false\" value=\"\" type=\"email\" name=\"your-email\" \/><\/span>\n<\/p>\n<p>Dettagli richiesta*\n<\/p>\n<p><span class=\"wpcf7-form-control-wrap\" data-name=\"message\"><textarea cols=\"40\" rows=\"4\" class=\"wpcf7-form-control wpcf7-textarea wpcf7-validates-as-required\" aria-required=\"true\" aria-invalid=\"false\" name=\"message\"><\/textarea><\/span>\n<\/p>\n<p style=\"font-size:11px\">Cliccando su \"Richiedi informazioni\" dichiaro di aver preso visione dell' <a href=\"https:\/\/www.gielle.it\/it\/informativa-privacy-e-cookie-policy\/\" target=\"_blank\">informativa sulla privacy<\/a>\n<\/p>\n<p style=\"font-size:12px\"><span class=\"wpcf7-form-control-wrap\" data-name=\"marketing\"><span class=\"wpcf7-form-control wpcf7-checkbox\"><span class=\"wpcf7-list-item first last\"><input type=\"checkbox\" name=\"marketing[]\" value=\"Acconsento al trattamento dei dati personali per finalit\u00e0 di marketing\" \/><span class=\"wpcf7-list-item-label\">Acconsento al trattamento dei dati personali per finalit\u00e0 di marketing<\/span><\/span><\/span><\/span>\n<\/p>\n\n<p><input class=\"wpcf7-form-control has-spinner wpcf7-submit\" type=\"submit\" value=\"Richiedi informazioni\" \/>\n<\/p><div class=\"wpcf7-response-output\" aria-hidden=\"true\"><\/div>\n<\/form>\n<\/div>\n[\/vc_column_text][\/vc_tta_section][vc_tta_section i_icon_fontawesome=&#8221;fa fa-phone&#8221; title=&#8221;+39 080.3118998&#8243; tab_id=&#8221;1462553675162-9cb6e021-173e&#8221; add_icon=&#8221;true&#8221;][vc_column_text]Non esitate a contattarci, il nostro servizio clienti \u00e8 a vostra completa disposizione per qualsiasi esigenza.[\/vc_column_text][\/vc_tta_section][\/vc_tta_accordion][\/vc_column][\/vc_row][vc_row margin_top=&#8221;20&#8243; margin_bottom=&#8221;-50&#8243; type=&#8221;1&#8243; padding_top=&#8221;20&#8243; padding_bottom=&#8221;20&#8243;][vc_column]<section class=\"shortcode-action-box box-style-table no-line fadeInRight animate-element\"><div class=\"\"><h3>Richiedi un <span class=\"paint-accent-color\">preventivo gratuito<\/span> \u2013 siamo a tua disposizione!<\/h3>\n<h5>Con pi\u00f9 di 400 dipendenti in tutto mondo, Gielle ha la capacit\u00e0 e l\u2019esperienza per fornire<br \/>\nle migliori soluzioni complete di protezione antincendio.<\/h5>\n<\/div><div class=\"shortcode-action-container action-button\"><a href=\"https:\/\/www.gielle.it\/it\/contact-us\/\" class=\"btn-shortcode dt-btn-l dt-btn default-btn-color default-btn-hover-color default-btn-bg-color default-btn-bg-hover-color left-to-right animation-builder\" id=\"dt-btn-4\"><i class=\"fa fa-comments-o\"><\/i><span>Contattaci<\/span><\/a><\/div><\/section>[\/vc_column][\/vc_row]<\/p>\n<\/section>","protected":false},"excerpt":{"rendered":"<p>[vc_row][vc_column][vc_column_text]Gielle Industries offre una gamma completa di fluidi e gas refrigeranti per ogni necessit\u00e0 e per tutte le applicazioni, ed \u00e8 punto di riferimento per molti degli operatori del settore della refrigerazione e condizionamento. Gielle propone una linea completa di gas per le migliori prestazioni nel condizionamento e nella refrigerazione: R134a, R404a, R407a, R407c, R410a,&hellip;<\/p>\n","protected":false},"author":1,"featured_media":0,"parent":0,"menu_order":0,"comment_status":"closed","ping_status":"closed","template":"","meta":[],"yoast_head":"<!-- This site is optimized with the Yoast SEO plugin v20.8 - https:\/\/yoast.com\/wordpress\/plugins\/seo\/ -->\n<title>Fornitura gas refrigeranti, vendita gas refrigeranti, recupero gas refrigeranti<\/title>\n<meta name=\"description\" content=\"Fornitura gas refrigeranti, vendita gas refrigeranti, recupero gas refrigeranti\" \/>\n<meta name=\"robots\" content=\"index, follow, max-snippet:-1, max-image-preview:large, max-video-preview:-1\" \/>\n<link rel=\"canonical\" href=\"https:\/\/www.gielle.it\/it\/fornitura-gas-refrigeranti\/\" \/>\n<meta property=\"og:locale\" content=\"it_IT\" \/>\n<meta property=\"og:type\" content=\"article\" \/>\n<meta property=\"og:title\" content=\"Fornitura gas refrigeranti, vendita gas refrigeranti, recupero gas refrigeranti\" \/>\n<meta property=\"og:description\" content=\"Fornitura gas refrigeranti, vendita gas refrigeranti, recupero gas refrigeranti\" \/>\n<meta property=\"og:url\" content=\"https:\/\/www.gielle.it\/it\/fornitura-gas-refrigeranti\/\" \/>\n<meta property=\"og:site_name\" content=\"Gielle Industries\" \/>\n<meta property=\"article:modified_time\" content=\"2022-01-21T10:59:13+00:00\" \/>\n<meta name=\"twitter:card\" content=\"summary_large_image\" \/>\n<meta name=\"twitter:label1\" content=\"Tempo di lettura stimato\" \/>\n\t<meta name=\"twitter:data1\" content=\"6 minuti\" \/>\n<script type=\"application\/ld+json\" class=\"yoast-schema-graph\">{\"@context\":\"https:\/\/schema.org\",\"@graph\":[{\"@type\":\"WebPage\",\"@id\":\"https:\/\/www.gielle.it\/it\/fornitura-gas-refrigeranti\/\",\"url\":\"https:\/\/www.gielle.it\/it\/fornitura-gas-refrigeranti\/\",\"name\":\"Fornitura gas refrigeranti, vendita gas refrigeranti, recupero gas refrigeranti\",\"isPartOf\":{\"@id\":\"https:\/\/www.gielle.it\/it\/#website\"},\"datePublished\":\"2020-12-17T16:57:25+00:00\",\"dateModified\":\"2022-01-21T10:59:13+00:00\",\"description\":\"Fornitura gas refrigeranti, vendita gas refrigeranti, recupero gas refrigeranti\",\"breadcrumb\":{\"@id\":\"https:\/\/www.gielle.it\/it\/fornitura-gas-refrigeranti\/#breadcrumb\"},\"inLanguage\":\"it-IT\",\"potentialAction\":[{\"@type\":\"ReadAction\",\"target\":[\"https:\/\/www.gielle.it\/it\/fornitura-gas-refrigeranti\/\"]}]},{\"@type\":\"BreadcrumbList\",\"@id\":\"https:\/\/www.gielle.it\/it\/fornitura-gas-refrigeranti\/#breadcrumb\",\"itemListElement\":[{\"@type\":\"ListItem\",\"position\":1,\"name\":\"Home\",\"item\":\"https:\/\/www.gielle.it\/it\/\"},{\"@type\":\"ListItem\",\"position\":2,\"name\":\"Fornitura gas refrigeranti\"}]},{\"@type\":\"WebSite\",\"@id\":\"https:\/\/www.gielle.it\/it\/#website\",\"url\":\"https:\/\/www.gielle.it\/it\/\",\"name\":\"Gielle Industries\",\"description\":\"Impianti e sistemi antincendio\",\"potentialAction\":[{\"@type\":\"SearchAction\",\"target\":{\"@type\":\"EntryPoint\",\"urlTemplate\":\"https:\/\/www.gielle.it\/it\/?s={search_term_string}\"},\"query-input\":\"required name=search_term_string\"}],\"inLanguage\":\"it-IT\"}]}<\/script>\n<!-- \/ Yoast SEO plugin. -->","yoast_head_json":{"title":"Fornitura gas refrigeranti, vendita gas refrigeranti, recupero gas refrigeranti","description":"Fornitura gas refrigeranti, vendita gas refrigeranti, recupero gas refrigeranti","robots":{"index":"index","follow":"follow","max-snippet":"max-snippet:-1","max-image-preview":"max-image-preview:large","max-video-preview":"max-video-preview:-1"},"canonical":"https:\/\/www.gielle.it\/it\/fornitura-gas-refrigeranti\/","og_locale":"it_IT","og_type":"article","og_title":"Fornitura gas refrigeranti, vendita gas refrigeranti, recupero gas refrigeranti","og_description":"Fornitura gas refrigeranti, vendita gas refrigeranti, recupero gas refrigeranti","og_url":"https:\/\/www.gielle.it\/it\/fornitura-gas-refrigeranti\/","og_site_name":"Gielle Industries","article_modified_time":"2022-01-21T10:59:13+00:00","twitter_card":"summary_large_image","twitter_misc":{"Tempo di lettura stimato":"6 minuti"},"schema":{"@context":"https:\/\/schema.org","@graph":[{"@type":"WebPage","@id":"https:\/\/www.gielle.it\/it\/fornitura-gas-refrigeranti\/","url":"https:\/\/www.gielle.it\/it\/fornitura-gas-refrigeranti\/","name":"Fornitura gas refrigeranti, vendita gas refrigeranti, recupero gas refrigeranti","isPartOf":{"@id":"https:\/\/www.gielle.it\/it\/#website"},"datePublished":"2020-12-17T16:57:25+00:00","dateModified":"2022-01-21T10:59:13+00:00","description":"Fornitura gas refrigeranti, vendita gas refrigeranti, recupero gas refrigeranti","breadcrumb":{"@id":"https:\/\/www.gielle.it\/it\/fornitura-gas-refrigeranti\/#breadcrumb"},"inLanguage":"it-IT","potentialAction":[{"@type":"ReadAction","target":["https:\/\/www.gielle.it\/it\/fornitura-gas-refrigeranti\/"]}]},{"@type":"BreadcrumbList","@id":"https:\/\/www.gielle.it\/it\/fornitura-gas-refrigeranti\/#breadcrumb","itemListElement":[{"@type":"ListItem","position":1,"name":"Home","item":"https:\/\/www.gielle.it\/it\/"},{"@type":"ListItem","position":2,"name":"Fornitura gas refrigeranti"}]},{"@type":"WebSite","@id":"https:\/\/www.gielle.it\/it\/#website","url":"https:\/\/www.gielle.it\/it\/","name":"Gielle Industries","description":"Impianti e sistemi antincendio","potentialAction":[{"@type":"SearchAction","target":{"@type":"EntryPoint","urlTemplate":"https:\/\/www.gielle.it\/it\/?s={search_term_string}"},"query-input":"required name=search_term_string"}],"inLanguage":"it-IT"}]}},"_links":{"self":[{"href":"https:\/\/www.gielle.it\/it\/wp-json\/wp\/v2\/pages\/37259"}],"collection":[{"href":"https:\/\/www.gielle.it\/it\/wp-json\/wp\/v2\/pages"}],"about":[{"href":"https:\/\/www.gielle.it\/it\/wp-json\/wp\/v2\/types\/page"}],"author":[{"embeddable":true,"href":"https:\/\/www.gielle.it\/it\/wp-json\/wp\/v2\/users\/1"}],"replies":[{"embeddable":true,"href":"https:\/\/www.gielle.it\/it\/wp-json\/wp\/v2\/comments?post=37259"}],"version-history":[{"count":0,"href":"https:\/\/www.gielle.it\/it\/wp-json\/wp\/v2\/pages\/37259\/revisions"}],"wp:attachment":[{"href":"https:\/\/www.gielle.it\/it\/wp-json\/wp\/v2\/media?parent=37259"}],"curies":[{"name":"wp","href":"https:\/\/api.w.org\/{rel}","templated":true}]}}