{"id":37017,"date":"2018-09-03T11:08:26","date_gmt":"2018-09-03T09:08:26","guid":{"rendered":"https:\/\/www.gielle.it\/it\/?page_id=37017"},"modified":"2019-11-15T18:01:56","modified_gmt":"2019-11-15T17:01:56","slug":"impianti-antincendio-a-co2","status":"publish","type":"page","link":"https:\/\/www.gielle.it\/it\/impianti-antincendio-a-co2\/","title":{"rendered":"Impianti antincendio a CO2"},"content":{"rendered":"<section class=\"wpb-content-wrapper\"><p>[vc_row][vc_column][vc_column_text]I sistemi a CO2 sono stati per molti decenni uno standard e ancora oggi sono preferiti in molte applicazioni. Ci sono molti campi in cui viene preferito l&#8217;utilizzo del CO2 ad altri agenti, esempio: in cisterne, in stabilimenti industriali dove c&#8217;e&#8217; travaso di carburante, sale pompe e motori.<\/p>\n<p>I sistemi di applicazione locale sono anche comuni nel settore marino, soprattutto nei vani motori.<\/p>\n<p>I sistemi a flusso totale e bassa pressione sono prevalenti nell&#8217;industria dell&#8217;acciaio, nelle grandi tipografie, e in altre applicazioni dove \u00e8 necessaria una grossa quantit\u00e0 di agente estinguente.[\/vc_column_text][vc_empty_space height=&#8221;10px&#8221;][vc_row_inner][vc_column_inner width=&#8221;1\/3&#8243;]<style type=\"text\/css\" data-type=\"the7_shortcodes-inline-css\">.shortcode-single-image-wrap.shortcode-single-image-dab29f9050367e813142c7ce49505a1d.enable-bg-rollover .rollover i,\n.shortcode-single-image-wrap.shortcode-single-image-dab29f9050367e813142c7ce49505a1d.enable-bg-rollover .rollover-video i {\n  background: -webkit-linear-gradient();\n  background: linear-gradient();\n}\n.shortcode-single-image-wrap.shortcode-single-image-dab29f9050367e813142c7ce49505a1d .rollover-icon {\n  font-size: 32px;\n  color: #ffffff;\n  min-width: 44px;\n  min-height: 44px;\n  line-height: 44px;\n  border-radius: 100px;\n  border-style: solid;\n  border-width: 0px;\n}\n.dt-icon-bg-on.shortcode-single-image-wrap.shortcode-single-image-dab29f9050367e813142c7ce49505a1d .rollover-icon {\n  background: rgba(255,255,255,0.3);\n  box-shadow: none;\n}\n<\/style><div class=\"shortcode-single-image-wrap shortcode-single-image-dab29f9050367e813142c7ce49505a1d alignnone  enable-bg-rollover dt-icon-bg-off\" style=\"margin-top:0px; margin-bottom:0px; margin-left:0px; margin-right:0px;\"><div class=\"shortcode-single-image\"><div class=\"fancy-media-wrap\" style=\"\"><a class=\"layzr-bg rollover rollover-zoom dt-pswp-item pswp-image\" href=\"https:\/\/www.gielle.it\/it\/wp-content\/uploads\/2015\/11\/HighPressure_co2.jpg\" title=\"\" data-dt-img-description=\"\" data-large_image_width=\"498\" data-large_image_height = \"315\"  style=\"\"><img class=\"preload-me lazy-load aspect\" src=\"data:image\/svg+xml,%3Csvg%20xmlns%3D&#39;http%3A%2F%2Fwww.w3.org%2F2000%2Fsvg&#39;%20viewBox%3D&#39;0%200%20498%20315&#39;%2F%3E\" data-src=\"https:\/\/www.gielle.it\/it\/wp-content\/uploads\/2015\/11\/HighPressure_co2.jpg\" data-srcset=\"https:\/\/www.gielle.it\/it\/wp-content\/uploads\/2015\/11\/HighPressure_co2.jpg 498w\" loading=\"eager\" style=\"--ratio: 498 \/ 315\" sizes=\"(max-width: 498px) 100vw, 498px\" width=\"498\" height=\"315\"  data-dt-location=\"https:\/\/www.gielle.it\/it\/impianti-antincendio\/impianti-antincendio-a-gas\/highpressure_co2\/\" alt=\"\" \/><\/a><\/div><\/div><\/div>[\/vc_column_inner][vc_column_inner width=&#8221;2\/3&#8243;][vc_column_text]L\u2019azione estinguente della CO2 si basa sulla riduzione della concentrazione di ossigeno nell\u2019aria ad un livello tale da non mantenere la combustione; il contemporaneo raffreddamento causato costituisce un effetto secondario ai fini dell\u2019estinzione.<\/p>\n<p><ul class=\"standard-arrow list-divider\"><li><p>Qualit\u00e0 e affidabilit\u00e0 certificata Gielle<\/p>\n<\/li><li><p>Un agente economico e di facile accesso quando \u00e8 necessario ricaricarlo<\/p>\n<\/li><li><p>Ampia gamma di applicazioni<\/p>\n<\/li><\/ul>[\/vc_column_text][\/vc_column_inner][\/vc_row_inner][vc_empty_space height=&#8221;20px&#8221;][vc_column_text]<\/p>\n<h4>Gli impianti a CO2 trovano frequente impiego nella protezione di:<\/h4>\n<p>[\/vc_column_text][vc_empty_space height=&#8221;20px&#8221;][vc_row_inner][vc_column_inner width=&#8221;1\/2&#8243;][vc_column_text]<ul class=\"standard-arrow list-divider\"><li><p>apparecchiature contenenti liquidi infiammabili<\/p>\n<\/li><li><p>impianti di produzione di vernici<\/p>\n<\/li><li><p>cabine di verniciatura<\/p>\n<\/li><li><p>bagni d&#8217;olio di tempera<\/p>\n<\/li><li><p>macchinari di stampa<\/p>\n<\/li><\/ul>[\/vc_column_text][\/vc_column_inner][vc_column_inner width=&#8221;1\/2&#8243;][vc_column_text]<ul class=\"standard-arrow list-divider\"><li><p>laminatoi di metalli leggeri<\/p>\n<\/li><li><p>locali contenenti quadri elettrici<\/p>\n<\/li><li><p>centri elaborazione dati<\/p>\n<\/li><li><p>cucine per collettivit\u00e0<\/p>\n<\/li><li><p>locale macchine (applicazioni marine)<\/p>\n<\/li><\/ul>[\/vc_column_text][\/vc_column_inner][\/vc_row_inner][vc_empty_space height=&#8221;10px&#8221;][vc_column_text]La CO2 \u00e8 contenuta in bombole pressurizzate a 58, 59bar @ 21\u00b0C, dalla capacit\u00e0 di 67 litri. La quantit\u00e0 di CO2 presente nelle bombole \u00e8 di 45 kg.<\/p>\n<p>Le bombole sono raggruppate in batterie, staffate a parete o con armadi autoportanti tramite selle di fissaggio, collegate tra di loro attraverso un collettore di scarica direttamente raccordato alla linea di distribuzione del gas nel locale protetto. Il gas fuoriesce attraverso ugelli erogatori appositamente dimensionati dopo calcolo idraulico di progetto. L\u2019azionamento pu\u00f2 avvenire in diversi modi : elettricamente attraverso la testa operatrice elettrica o solenoide posta sulla bombola pilota, manualmente attraverso la leva dell\u2019attuatore manuale posto sulla bombola pilota o attraverso un comando remoto (maniglia a strappo) posto a distanza dalla batteria bombole nel caso l\u2019azionamento della leva del comando manuale posto sulla bombola pilota sia posizionato in una zona non accessibile.<\/p>\n<p>Il sistema pu\u00f2 essere di tipo dedicato, ovvero con una batteria bombole dedicata esclusivamente alla protezione di un rischio solamente, o centralizzato, ovvero la stessa batteria bombole, dimensionata per il locale avente la volumetria maggiore, attraverso delle valvole direzionali, asservir\u00e0 alla protezione di pi\u00f9 rischi. Tramite un adeguato sistema pneumatico, in ogni rischio protetto si scaricheranno le bombole necessarie per raggiungere la concentrazione di spegnimento.[\/vc_column_text][vc_empty_space height=&#8221;20px&#8221;]<div class=\"hr-thin style-dashed\" style=\"width: 100%;border-top-width: 1px;\"><\/div>[vc_empty_space height=&#8221;20px&#8221;][\/vc_column][\/vc_row][vc_row][vc_column][vc_empty_space height=&#8221;10px&#8221;][vc_column_text]<\/p>\n<h3 style=\"text-align: center;\">PRODOTTI E SOLUZIONI ANTINCENDIO<\/h3>\n<p>[\/vc_column_text][vc_empty_space height=&#8221;10px&#8221;]<div class=\"hr-thin style-line\" style=\"width: 20%;border-top-width: 5px;\"><\/div>[vc_empty_space height=&#8221;40px&#8221;][\/vc_column][\/vc_row][vc_row][vc_column width=&#8221;3\/4&#8243;][vc_row_inner][vc_column_inner width=&#8221;1\/3&#8243;]<section class=\"shortcode-teaser img-full frame-fancy frame-on zoomIn animate-element\"><div class=\"shortcode-teaser-img\"><a class=\"layzr-bg rollover\" href=\"https:\/\/www.gielle.it\/it\/impianti-antincendio-fm200\/\"><img class=\"lazy-load\" src=\"data:image\/svg+xml;charset=utf-8,%3Csvg xmlns%3D&#039;http%3A%2F%2Fwww.w3.org%2F2000%2Fsvg&#039; viewBox%3D&#039;0 0 350 250&#039;%2F%3E\" width=\"350\" height=\"250\" data-srcset=\"https:\/\/www.gielle.it\/it\/wp-content\/uploads\/2016\/05\/fm200_f1.jpg 350w\" data-src=\"https:\/\/www.gielle.it\/it\/wp-content\/uploads\/2016\/05\/fm200_f1.jpg\" \/><\/a><\/div><div class=\"shortcode-teaser-content text-big\"><h5 style=\"text-align: center;\">Impianti FM-200<\/h5>\n<p style=\"text-align: center;\">Progettazione, installazione e manutenzione di impianti antincendio FM-200.<\/p>\n<p style=\"text-align: center;\"><a href=\"https:\/\/www.gielle.it\/it\/impianti-antincendio-fm200\/\" class=\"btn-shortcode dt-btn-s dt-btn default-btn-color default-btn-hover-color default-btn-bg-color default-btn-bg-hover-color ico-right-side\" id=\"dt-btn-1\"><span>DETTAGLI<\/span><i class=\"fa fa-chevron-right\"><\/i><\/a><\/p>\n<\/div><\/section>[\/vc_column_inner][vc_column_inner width=&#8221;1\/3&#8243;]<section class=\"shortcode-teaser img-full frame-fancy frame-on zoomIn animate-element\"><div class=\"shortcode-teaser-img\"><a class=\"layzr-bg rollover\" href=\"https:\/\/www.gielle.it\/it\/impianti-antincendio-novec-1230\/\"><img class=\"lazy-load\" src=\"data:image\/svg+xml;charset=utf-8,%3Csvg xmlns%3D&#039;http%3A%2F%2Fwww.w3.org%2F2000%2Fsvg&#039; viewBox%3D&#039;0 0 350 250&#039;%2F%3E\" width=\"350\" height=\"250\" data-srcset=\"https:\/\/www.gielle.it\/it\/wp-content\/uploads\/2016\/05\/novec_f1.jpg 350w\" data-src=\"https:\/\/www.gielle.it\/it\/wp-content\/uploads\/2016\/05\/novec_f1.jpg\" \/><\/a><\/div><div class=\"shortcode-teaser-content text-big\"><h5 style=\"text-align: center;\">Impianti 3M\u2122 Novec\u2122 1230<\/h5>\n<p style=\"text-align: center;\">Impianti e sistemi antincendio con 3M\u2122 Novec\u2122 1230, soluzioni chiavi in mano.<\/p>\n<p style=\"text-align: center;\"><a href=\"https:\/\/www.gielle.it\/it\/impianti-antincendio-novec-1230\/\" class=\"btn-shortcode dt-btn-s dt-btn default-btn-color default-btn-hover-color default-btn-bg-color default-btn-bg-hover-color ico-right-side\" id=\"dt-btn-2\"><span>DETTAGLI<\/span><i class=\"fa fa-chevron-right\"><\/i><\/a><\/p>\n<\/div><\/section>[\/vc_column_inner][vc_column_inner width=&#8221;1\/3&#8243;]<section class=\"shortcode-teaser img-full frame-fancy frame-on zoomIn animate-element\"><div class=\"shortcode-teaser-img\"><a class=\"layzr-bg rollover\" href=\"https:\/\/www.gielle.it\/it\/centro-raccolta-halon\/\"><img class=\"lazy-load\" src=\"data:image\/svg+xml;charset=utf-8,%3Csvg xmlns%3D&#039;http%3A%2F%2Fwww.w3.org%2F2000%2Fsvg&#039; viewBox%3D&#039;0 0 350 250&#039;%2F%3E\" width=\"350\" height=\"250\" data-srcset=\"https:\/\/www.gielle.it\/it\/wp-content\/uploads\/2016\/05\/halon_f1.jpg 350w\" data-src=\"https:\/\/www.gielle.it\/it\/wp-content\/uploads\/2016\/05\/halon_f1.jpg\" \/><\/a><\/div><div class=\"shortcode-teaser-content text-big\"><h5 style=\"text-align: center;\">Centro raccolta Halon<\/h5>\n<p style=\"text-align: center;\">Gielle \u00e8 centro autorizzato alla raccolta, riciclo e recupero dell&#8217;Halon.<\/p>\n<p style=\"text-align: center;\"><a href=\"https:\/\/www.gielle.it\/it\/centro-raccolta-halon\/\" class=\"btn-shortcode dt-btn-s dt-btn default-btn-color default-btn-hover-color default-btn-bg-color default-btn-bg-hover-color ico-right-side\" id=\"dt-btn-3\"><span>DETTAGLI<\/span><i class=\"fa fa-chevron-right\"><\/i><\/a><\/p>\n<\/div><\/section>[\/vc_column_inner][\/vc_row_inner][vc_row_inner][vc_column_inner][vc_empty_space height=&#8221;20px&#8221;]<div class=\"dt-fancy-separator style-dashed\" style=\"width: 100%;\"><div class=\"dt-fancy-title\" style=\"color: #c4c4c4;\"><span class=\"separator-holder separator-left\"><\/span>Qualit\u00e0 certificata<span class=\"separator-holder separator-right\"><\/span><\/div><\/div>[vc_empty_space height=&#8221;5px&#8221;][vc_single_image image=&#8221;35576&#8243; img_size=&#8221;full&#8221; alignment=&#8221;center&#8221; image_hovers=&#8221;false&#8221;][vc_empty_space height=&#8221;5px&#8221;]<style type=\"text\/css\" data-type=\"the7_shortcodes-inline-css\">.shortcode-single-image-wrap.shortcode-single-image-04094e08ddf269c7e9f16e06d1a6fd4e.enable-bg-rollover .rollover i,\n.shortcode-single-image-wrap.shortcode-single-image-04094e08ddf269c7e9f16e06d1a6fd4e.enable-bg-rollover .rollover-video i {\n  background: -webkit-linear-gradient();\n  background: linear-gradient();\n}\n.shortcode-single-image-wrap.shortcode-single-image-04094e08ddf269c7e9f16e06d1a6fd4e .rollover-icon {\n  font-size: 32px;\n  color: #ffffff;\n  min-width: 44px;\n  min-height: 44px;\n  line-height: 44px;\n  border-radius: 100px;\n  border-style: solid;\n  border-width: 0px;\n}\n.dt-icon-bg-on.shortcode-single-image-wrap.shortcode-single-image-04094e08ddf269c7e9f16e06d1a6fd4e .rollover-icon {\n  background: rgba(255,255,255,0.3);\n  box-shadow: none;\n}\n<\/style><div class=\"shortcode-single-image-wrap shortcode-single-image-04094e08ddf269c7e9f16e06d1a6fd4e alignnone  enable-bg-rollover dt-icon-bg-off\" style=\"margin-top:0px; margin-bottom:0px; margin-left:0px; margin-right:0px;\"><div class=\"shortcode-single-image\"><div class=\"fancy-media-wrap  layzr-bg\" style=\"\"><img class=\"preload-me lazy-load aspect\" src=\"data:image\/svg+xml,%3Csvg%20xmlns%3D&#39;http%3A%2F%2Fwww.w3.org%2F2000%2Fsvg&#39;%20viewBox%3D&#39;0%200%201600%20201&#39;%2F%3E\" data-src=\"https:\/\/www.gielle.it\/it\/wp-content\/uploads\/2016\/07\/regione_puglia.jpg\" data-srcset=\"https:\/\/www.gielle.it\/it\/wp-content\/uploads\/2016\/07\/regione_puglia.jpg 1600w\" loading=\"eager\" sizes=\"(max-width: 1600px) 100vw, 1600px\" width=\"1600\" height=\"201\"  data-dt-location=\"https:\/\/www.gielle.it\/it\/gielle-group\/regione_puglia\/\" style=\"--ratio: 1600 \/ 201;\" alt=\"\" \/><\/div><\/div><\/div>[\/vc_column_inner][\/vc_row_inner][\/vc_column][vc_column width=&#8221;1\/4&#8243; animation=&#8221;fadeInRight&#8221;][vc_tta_accordion c_icon=&#8221;&#8221; active_section=&#8221;1&#8243;][vc_tta_section i_icon_fontawesome=&#8221;fa fa-envelope-o&#8221; title=&#8221;Info e preventivi&#8221; tab_id=&#8221;1454324421020-3531770a-3ab9&#8243; add_icon=&#8221;true&#8221;][vc_column_text]\n<div class=\"wpcf7 no-js\" id=\"wpcf7-f36538-o1\" lang=\"it-IT\" dir=\"ltr\">\n<div class=\"screen-reader-response\"><p role=\"status\" aria-live=\"polite\" aria-atomic=\"true\"><\/p> <ul><\/ul><\/div>\n<form action=\"\/it\/wp-json\/wp\/v2\/pages\/37017#wpcf7-f36538-o1\" method=\"post\" class=\"wpcf7-form init\" aria-label=\"Modulo di contatto\" novalidate=\"novalidate\" data-status=\"init\">\n<div style=\"display: none;\">\n<input type=\"hidden\" name=\"_wpcf7\" value=\"36538\" \/>\n<input type=\"hidden\" name=\"_wpcf7_version\" value=\"5.7.7\" \/>\n<input type=\"hidden\" name=\"_wpcf7_locale\" value=\"it_IT\" \/>\n<input type=\"hidden\" name=\"_wpcf7_unit_tag\" value=\"wpcf7-f36538-o1\" \/>\n<input type=\"hidden\" name=\"_wpcf7_container_post\" value=\"0\" \/>\n<input type=\"hidden\" name=\"_wpcf7_posted_data_hash\" value=\"\" \/>\n<input type=\"hidden\" name=\"_wpcf7_recaptcha_response\" value=\"\" \/>\n<\/div>\n<p>Sono interessato a\n<\/p>\n<p><span class=\"wpcf7-form-control-wrap\" data-name=\"product\"><select class=\"wpcf7-form-control wpcf7-select wpcf7-validates-as-required longselect\" aria-required=\"true\" aria-invalid=\"false\" name=\"product\"><option value=\"FM-200\">FM-200<\/option><option value=\"Novec 1230\">Novec 1230<\/option><option value=\"FK-5-1-12\">FK-5-1-12<\/option><option value=\"Halon 1301\">Halon 1301<\/option><option value=\"Halon 1211\">Halon 1211<\/option><option value=\"Halon 2402\">Halon 2402<\/option><option value=\"HFC 227\">HFC 227<\/option><option value=\"HFC 125\">HFC 125<\/option><option value=\"Raccolta F-GAS\">Raccolta F-GAS<\/option><option value=\"Door fan test\">Door fan test<\/option><option value=\"Collaudo bombole gas\">Collaudo bombole gas<\/option><option value=\"Fornitura gas refrigeranti\">Fornitura gas refrigeranti<\/option><option value=\"Check-up antincendio\">Check-up antincendio<\/option><option value=\"Manutenzione antincendio\">Manutenzione antincendio<\/option><option value=\"Estintori\">Estintori<\/option><option value=\"Manutenzione estintori\">Manutenzione estintori<\/option><option value=\"Vigilanza antincendio\">Vigilanza antincendio<\/option><option value=\"Altro\">Altro<\/option><\/select><\/span>\n<\/p>\n<p>Nome e Cognome*\n<\/p>\n<p><span class=\"wpcf7-form-control-wrap\" data-name=\"your-name\"><input size=\"40\" class=\"wpcf7-form-control wpcf7-text wpcf7-validates-as-required\" aria-required=\"true\" aria-invalid=\"false\" value=\"\" type=\"text\" name=\"your-name\" \/><\/span>\n<\/p>\n<p>La tua E-mail*\n<\/p>\n<p><span class=\"wpcf7-form-control-wrap\" data-name=\"your-email\"><input size=\"40\" class=\"wpcf7-form-control wpcf7-text wpcf7-email wpcf7-validates-as-required wpcf7-validates-as-email\" aria-required=\"true\" aria-invalid=\"false\" value=\"\" type=\"email\" name=\"your-email\" \/><\/span>\n<\/p>\n<p>Dettagli richiesta*\n<\/p>\n<p><span class=\"wpcf7-form-control-wrap\" data-name=\"message\"><textarea cols=\"40\" rows=\"4\" class=\"wpcf7-form-control wpcf7-textarea wpcf7-validates-as-required\" aria-required=\"true\" aria-invalid=\"false\" name=\"message\"><\/textarea><\/span>\n<\/p>\n<p style=\"font-size:11px\">Cliccando su \"Richiedi informazioni\" dichiaro di aver preso visione dell' <a href=\"https:\/\/www.gielle.it\/it\/informativa-privacy-e-cookie-policy\/\" target=\"_blank\">informativa sulla privacy<\/a>\n<\/p>\n<p style=\"font-size:12px\"><span class=\"wpcf7-form-control-wrap\" data-name=\"marketing\"><span class=\"wpcf7-form-control wpcf7-checkbox\"><span class=\"wpcf7-list-item first last\"><input type=\"checkbox\" name=\"marketing[]\" value=\"Acconsento al trattamento dei dati personali per finalit\u00e0 di marketing\" \/><span class=\"wpcf7-list-item-label\">Acconsento al trattamento dei dati personali per finalit\u00e0 di marketing<\/span><\/span><\/span><\/span>\n<\/p>\n\n<p><input class=\"wpcf7-form-control has-spinner wpcf7-submit\" type=\"submit\" value=\"Richiedi informazioni\" \/>\n<\/p><div class=\"wpcf7-response-output\" aria-hidden=\"true\"><\/div>\n<\/form>\n<\/div>\n[\/vc_column_text][\/vc_tta_section][vc_tta_section i_icon_fontawesome=&#8221;fa fa-phone&#8221; title=&#8221;+39 080.3118998&#8243; tab_id=&#8221;1462553675162-9cb6e021-173e&#8221; add_icon=&#8221;true&#8221;][vc_column_text]Non esitate a contattarci, il nostro servizio clienti \u00e8 a vostra completa disposizione per qualsiasi esigenza.[\/vc_column_text][\/vc_tta_section][\/vc_tta_accordion][\/vc_column][\/vc_row][vc_row margin_top=&#8221;20&#8243; margin_bottom=&#8221;-50&#8243; type=&#8221;1&#8243; padding_top=&#8221;20&#8243; padding_bottom=&#8221;20&#8243;][vc_column]<section class=\"shortcode-action-box box-style-table no-line fadeInRight animate-element\"><div class=\"\"><h3>Richiedi un <span class=\"paint-accent-color\">preventivo gratuito<\/span> \u2013 siamo a tua disposizione!<\/h3>\n<h5>Con pi\u00f9 di 400 dipendenti in tutto mondo, Gielle ha la capacit\u00e0 e l\u2019esperienza per fornire<br \/>\nle migliori soluzioni complete di protezione antincendio.<\/h5>\n<\/div><div class=\"shortcode-action-container action-button\"><a href=\"https:\/\/www.gielle.it\/it\/contact-us\/\" class=\"btn-shortcode dt-btn-l dt-btn default-btn-color default-btn-hover-color default-btn-bg-color default-btn-bg-hover-color left-to-right animation-builder\" id=\"dt-btn-4\"><i class=\"fa fa-comments-o\"><\/i><span>Contattaci<\/span><\/a><\/div><\/section>[\/vc_column][\/vc_row]<\/p>\n<\/section>","protected":false},"excerpt":{"rendered":"<p>[vc_row][vc_column][vc_column_text]I sistemi a CO2 sono stati per molti decenni uno standard e ancora oggi sono preferiti in molte applicazioni. Ci sono molti campi in cui viene preferito l&#8217;utilizzo del CO2 ad altri agenti, esempio: in cisterne, in stabilimenti industriali dove c&#8217;e&#8217; travaso di carburante, sale pompe e motori. I sistemi di applicazione locale sono anche&hellip;<\/p>\n","protected":false},"author":1,"featured_media":0,"parent":0,"menu_order":0,"comment_status":"closed","ping_status":"closed","template":"","meta":[],"yoast_head":"<!-- This site is optimized with the Yoast SEO plugin v20.8 - https:\/\/yoast.com\/wordpress\/plugins\/seo\/ -->\n<title>Impianti antincendio a CO2 - Gielle Industries<\/title>\n<meta name=\"robots\" content=\"index, follow, max-snippet:-1, max-image-preview:large, max-video-preview:-1\" \/>\n<link rel=\"canonical\" href=\"https:\/\/www.gielle.it\/it\/impianti-antincendio-a-co2\/\" \/>\n<meta property=\"og:locale\" content=\"it_IT\" \/>\n<meta property=\"og:type\" content=\"article\" \/>\n<meta property=\"og:title\" content=\"Impianti antincendio a CO2 - Gielle Industries\" \/>\n<meta property=\"og:description\" content=\"[vc_row][vc_column][vc_column_text]I sistemi a CO2 sono stati per molti decenni uno standard e ancora oggi sono preferiti in molte applicazioni. Ci sono molti campi in cui viene preferito l&#8217;utilizzo del CO2 ad altri agenti, esempio: in cisterne, in stabilimenti industriali dove c&#8217;e&#8217; travaso di carburante, sale pompe e motori. I sistemi di applicazione locale sono anche&hellip;\" \/>\n<meta property=\"og:url\" content=\"https:\/\/www.gielle.it\/it\/impianti-antincendio-a-co2\/\" \/>\n<meta property=\"og:site_name\" content=\"Gielle Industries\" \/>\n<meta property=\"article:modified_time\" content=\"2019-11-15T17:01:56+00:00\" \/>\n<meta name=\"twitter:card\" content=\"summary_large_image\" \/>\n<meta name=\"twitter:label1\" content=\"Tempo di lettura stimato\" \/>\n\t<meta name=\"twitter:data1\" content=\"6 minuti\" \/>\n<script type=\"application\/ld+json\" class=\"yoast-schema-graph\">{\"@context\":\"https:\/\/schema.org\",\"@graph\":[{\"@type\":\"WebPage\",\"@id\":\"https:\/\/www.gielle.it\/it\/impianti-antincendio-a-co2\/\",\"url\":\"https:\/\/www.gielle.it\/it\/impianti-antincendio-a-co2\/\",\"name\":\"Impianti antincendio a CO2 - Gielle Industries\",\"isPartOf\":{\"@id\":\"https:\/\/www.gielle.it\/it\/#website\"},\"datePublished\":\"2018-09-03T09:08:26+00:00\",\"dateModified\":\"2019-11-15T17:01:56+00:00\",\"breadcrumb\":{\"@id\":\"https:\/\/www.gielle.it\/it\/impianti-antincendio-a-co2\/#breadcrumb\"},\"inLanguage\":\"it-IT\",\"potentialAction\":[{\"@type\":\"ReadAction\",\"target\":[\"https:\/\/www.gielle.it\/it\/impianti-antincendio-a-co2\/\"]}]},{\"@type\":\"BreadcrumbList\",\"@id\":\"https:\/\/www.gielle.it\/it\/impianti-antincendio-a-co2\/#breadcrumb\",\"itemListElement\":[{\"@type\":\"ListItem\",\"position\":1,\"name\":\"Home\",\"item\":\"https:\/\/www.gielle.it\/it\/\"},{\"@type\":\"ListItem\",\"position\":2,\"name\":\"Impianti antincendio a CO2\"}]},{\"@type\":\"WebSite\",\"@id\":\"https:\/\/www.gielle.it\/it\/#website\",\"url\":\"https:\/\/www.gielle.it\/it\/\",\"name\":\"Gielle Industries\",\"description\":\"Impianti e sistemi antincendio\",\"potentialAction\":[{\"@type\":\"SearchAction\",\"target\":{\"@type\":\"EntryPoint\",\"urlTemplate\":\"https:\/\/www.gielle.it\/it\/?s={search_term_string}\"},\"query-input\":\"required name=search_term_string\"}],\"inLanguage\":\"it-IT\"}]}<\/script>\n<!-- \/ Yoast SEO plugin. -->","yoast_head_json":{"title":"Impianti antincendio a CO2 - Gielle Industries","robots":{"index":"index","follow":"follow","max-snippet":"max-snippet:-1","max-image-preview":"max-image-preview:large","max-video-preview":"max-video-preview:-1"},"canonical":"https:\/\/www.gielle.it\/it\/impianti-antincendio-a-co2\/","og_locale":"it_IT","og_type":"article","og_title":"Impianti antincendio a CO2 - Gielle Industries","og_description":"[vc_row][vc_column][vc_column_text]I sistemi a CO2 sono stati per molti decenni uno standard e ancora oggi sono preferiti in molte applicazioni. Ci sono molti campi in cui viene preferito l&#8217;utilizzo del CO2 ad altri agenti, esempio: in cisterne, in stabilimenti industriali dove c&#8217;e&#8217; travaso di carburante, sale pompe e motori. I sistemi di applicazione locale sono anche&hellip;","og_url":"https:\/\/www.gielle.it\/it\/impianti-antincendio-a-co2\/","og_site_name":"Gielle Industries","article_modified_time":"2019-11-15T17:01:56+00:00","twitter_card":"summary_large_image","twitter_misc":{"Tempo di lettura stimato":"6 minuti"},"schema":{"@context":"https:\/\/schema.org","@graph":[{"@type":"WebPage","@id":"https:\/\/www.gielle.it\/it\/impianti-antincendio-a-co2\/","url":"https:\/\/www.gielle.it\/it\/impianti-antincendio-a-co2\/","name":"Impianti antincendio a CO2 - Gielle Industries","isPartOf":{"@id":"https:\/\/www.gielle.it\/it\/#website"},"datePublished":"2018-09-03T09:08:26+00:00","dateModified":"2019-11-15T17:01:56+00:00","breadcrumb":{"@id":"https:\/\/www.gielle.it\/it\/impianti-antincendio-a-co2\/#breadcrumb"},"inLanguage":"it-IT","potentialAction":[{"@type":"ReadAction","target":["https:\/\/www.gielle.it\/it\/impianti-antincendio-a-co2\/"]}]},{"@type":"BreadcrumbList","@id":"https:\/\/www.gielle.it\/it\/impianti-antincendio-a-co2\/#breadcrumb","itemListElement":[{"@type":"ListItem","position":1,"name":"Home","item":"https:\/\/www.gielle.it\/it\/"},{"@type":"ListItem","position":2,"name":"Impianti antincendio a CO2"}]},{"@type":"WebSite","@id":"https:\/\/www.gielle.it\/it\/#website","url":"https:\/\/www.gielle.it\/it\/","name":"Gielle Industries","description":"Impianti e sistemi antincendio","potentialAction":[{"@type":"SearchAction","target":{"@type":"EntryPoint","urlTemplate":"https:\/\/www.gielle.it\/it\/?s={search_term_string}"},"query-input":"required name=search_term_string"}],"inLanguage":"it-IT"}]}},"_links":{"self":[{"href":"https:\/\/www.gielle.it\/it\/wp-json\/wp\/v2\/pages\/37017"}],"collection":[{"href":"https:\/\/www.gielle.it\/it\/wp-json\/wp\/v2\/pages"}],"about":[{"href":"https:\/\/www.gielle.it\/it\/wp-json\/wp\/v2\/types\/page"}],"author":[{"embeddable":true,"href":"https:\/\/www.gielle.it\/it\/wp-json\/wp\/v2\/users\/1"}],"replies":[{"embeddable":true,"href":"https:\/\/www.gielle.it\/it\/wp-json\/wp\/v2\/comments?post=37017"}],"version-history":[{"count":0,"href":"https:\/\/www.gielle.it\/it\/wp-json\/wp\/v2\/pages\/37017\/revisions"}],"wp:attachment":[{"href":"https:\/\/www.gielle.it\/it\/wp-json\/wp\/v2\/media?parent=37017"}],"curies":[{"name":"wp","href":"https:\/\/api.w.org\/{rel}","templated":true}]}}