{"id":36929,"date":"2018-06-01T10:36:55","date_gmt":"2018-06-01T08:36:55","guid":{"rendered":"https:\/\/www.gielle.it\/it\/?page_id=36929"},"modified":"2025-11-13T18:01:23","modified_gmt":"2025-11-13T17:01:23","slug":"certificazioni","status":"publish","type":"page","link":"https:\/\/www.gielle.it\/it\/certificazioni\/","title":{"rendered":"Certificazioni"},"content":{"rendered":"<section class=\"wpb-content-wrapper\"><p>[vc_row][vc_column width=&#8221;1\/4&#8243;][vc_single_image image=&#8221;36935&#8243; img_size=&#8221;full&#8221; alignment=&#8221;center&#8221;][vc_empty_space height=&#8221;20px&#8221;][vc_column_text]<\/p>\n<h4 style=\"text-align: center;\">Modello Organizzativo D. Lgs. 231\/2001<\/h4>\n<p>[\/vc_column_text][vc_empty_space height=&#8221;20px&#8221;][\/vc_column][vc_column width=&#8221;1\/4&#8243;][vc_single_image image=&#8221;38651&#8243; img_size=&#8221;full&#8221; alignment=&#8221;center&#8221;][vc_empty_space height=&#8221;20px&#8221;][vc_column_text]<\/p>\n<h4 style=\"text-align: center;\">ISO 50001<\/h4>\n<p>[\/vc_column_text][vc_empty_space height=&#8221;20px&#8221;][\/vc_column][vc_column width=&#8221;1\/4&#8243;][vc_single_image image=&#8221;38652&#8243; img_size=&#8221;full&#8221; alignment=&#8221;center&#8221;][vc_empty_space height=&#8221;20px&#8221;][vc_column_text]<\/p>\n<h4 style=\"text-align: center;\">UNI\/PdR 125:2022<\/h4>\n<p>[\/vc_column_text][vc_empty_space height=&#8221;20px&#8221;][\/vc_column][vc_column width=&#8221;1\/4&#8243;][vc_single_image image=&#8221;38836&#8243; img_size=&#8221;full&#8221; alignment=&#8221;center&#8221;][vc_empty_space height=&#8221;20px&#8221;][vc_column_text]<\/p>\n<h4 style=\"text-align: center;\">ACCREDIA<\/h4>\n<p>[\/vc_column_text][vc_empty_space height=&#8221;20px&#8221;][\/vc_column][\/vc_row][vc_row][vc_column width=&#8221;1\/4&#8243;][vc_single_image image=&#8221;38837&#8243; img_size=&#8221;full&#8221; alignment=&#8221;center&#8221;][vc_empty_space height=&#8221;20px&#8221;][vc_column_text]<\/p>\n<h4 style=\"text-align: center;\">UNI EN ISO 9001:2015<br \/>\nUNI EN ISO 14001:2015<br \/>\nUNI EN ISO 45001:2018<\/h4>\n<p>[\/vc_column_text][vc_empty_space height=&#8221;20px&#8221;][\/vc_column][vc_column width=&#8221;1\/4&#8243;][vc_single_image image=&#8221;39435&#8243; img_size=&#8221;full&#8221; alignment=&#8221;center&#8221;][vc_empty_space height=&#8221;20px&#8221;][vc_column_text]<\/p>\n<h4 style=\"text-align: center;\">SA 8000:2014<\/h4>\n<p>[\/vc_column_text][vc_empty_space height=&#8221;20px&#8221;][\/vc_column][vc_column width=&#8221;1\/4&#8243;][vc_single_image image=&#8221;38839&#8243; img_size=&#8221;full&#8221; alignment=&#8221;center&#8221;][vc_empty_space height=&#8221;20px&#8221;][vc_column_text]<\/p>\n<h4 style=\"text-align: center;\">ISO 37001:2016<\/h4>\n<p>[\/vc_column_text][vc_empty_space height=&#8221;20px&#8221;][\/vc_column][vc_column width=&#8221;1\/4&#8243;][vc_single_image image=&#8221;38840&#8243; img_size=&#8221;full&#8221; alignment=&#8221;center&#8221;][vc_empty_space height=&#8221;20px&#8221;][vc_column_text]<\/p>\n<h4 style=\"text-align: center;\">ISO 22301:2019 CERTIFIED<\/h4>\n<p>[\/vc_column_text][vc_empty_space height=&#8221;20px&#8221;][\/vc_column][\/vc_row][vc_row][vc_column width=&#8221;1\/4&#8243;][vc_single_image image=&#8221;38841&#8243; img_size=&#8221;full&#8221; alignment=&#8221;center&#8221;][vc_empty_space height=&#8221;20px&#8221;][vc_column_text]<\/p>\n<h4 style=\"text-align: center;\">MARINE EQUIPMENT DIRECTIVE<\/h4>\n<p>[\/vc_column_text][vc_empty_space height=&#8221;20px&#8221;][\/vc_column][vc_column width=&#8221;1\/4&#8243;][vc_single_image image=&#8221;38842&#8243; img_size=&#8221;full&#8221; alignment=&#8221;center&#8221;][vc_empty_space height=&#8221;20px&#8221;][vc_column_text]<\/p>\n<h4 style=\"text-align: center;\">GERMANISCHER LLOYD<\/h4>\n<p>[\/vc_column_text][vc_empty_space height=&#8221;20px&#8221;][\/vc_column][vc_column width=&#8221;1\/4&#8243;][vc_single_image image=&#8221;38843&#8243; img_size=&#8221;full&#8221; alignment=&#8221;center&#8221;][vc_empty_space height=&#8221;20px&#8221;][vc_column_text]<\/p>\n<h4 style=\"text-align: center;\">INTERNATIONAL MARITIME ORGANIZATION<\/h4>\n<p>[\/vc_column_text][vc_empty_space height=&#8221;20px&#8221;][\/vc_column][vc_column width=&#8221;1\/4&#8243;][vc_single_image image=&#8221;39201&#8243; img_size=&#8221;full&#8221; alignment=&#8221;center&#8221; lazy_loading=&#8221;true&#8221;][vc_empty_space height=&#8221;20px&#8221;][vc_column_text]<\/p>\n<h4 style=\"text-align: center;\">ISO\/IEC 27001:2022<\/h4>\n<p>[\/vc_column_text][vc_empty_space height=&#8221;20px&#8221;][\/vc_column][\/vc_row][vc_row][vc_column width=&#8221;1\/4&#8243;][vc_single_image image=&#8221;39202&#8243; img_size=&#8221;full&#8221; alignment=&#8221;center&#8221; lazy_loading=&#8221;true&#8221;][vc_empty_space height=&#8221;20px&#8221;][vc_column_text]<\/p>\n<h4 style=\"text-align: center;\">ISO 14064-1:2018<\/h4>\n<p>[\/vc_column_text][vc_empty_space height=&#8221;20px&#8221;][\/vc_column][vc_column width=&#8221;1\/4&#8243;][\/vc_column][vc_column width=&#8221;1\/4&#8243;][\/vc_column][vc_column width=&#8221;1\/4&#8243;][\/vc_column][\/vc_row][vc_row type=&#8221;1&#8243; margin_top=&#8221;20&#8243; margin_bottom=&#8221;20&#8243; padding_top=&#8221;40&#8243; padding_bottom=&#8221;40&#8243;][vc_column][vc_column_text]<\/p>\n<h4>Qualit\u00e0 assicurata<\/h4>\n<p>La qualit\u00e0 e l&#8217;efficenza sono la nostra missione e il nostro principale fattore di competitivit\u00e0: sono a fondamento dei nostri prestigiosi risultati commerciali e della nostra affermazione sia sul mercato nazionale che internazionale.<\/p>\n<p>Competenza, correttezza, professionalit\u00e0, seriet\u00e0, applicazione di rigidi standard di qualit\u00e0, pieno rispetto delle norme ambientali e condivisione del know-how tecnologico sono sempre stati i nostri principi ispiratori e ci hanno consentito di diventare leader di riferimento per il settore dell&#8217; antincendio.[\/vc_column_text][vc_empty_space height=&#8221;10px&#8221;][vc_column_text]<\/p>\n<h4>Sistemi antincendio: prevenzione, rilevazione, protezione<\/h4>\n<p>I prodotti e i servizi Gielle sono un punto di riferimento nel campo della prevenzione, della rivelazione e della lotta contro gli incendi.<\/p>\n<p>Gielle vanta una specifica e riconosciuta esperienza acquisita nell\u2019ambito di nuove installazioni e riconversioni industriali di medie e grandi dimensioni.<\/p>\n<p>Fornisce sistemi di vitale importanza a vari settori, dall&#8217;industria alle gallerie d&#8217;arte ai palazzi storici e si impegna per promuovere una cultura della sicurezza a tutti i livelli.[\/vc_column_text][\/vc_column][\/vc_row][vc_row][vc_column][vc_empty_space height=&#8221;40px&#8221;][vc_column_text]<\/p>\n<h3 style=\"text-align: center;\">PRODOTTI E SOLUZIONI ANTINCENDIO<\/h3>\n<p>[\/vc_column_text][vc_empty_space height=&#8221;10px&#8221;]<div class=\"hr-thin style-line\" style=\"width: 20%;border-top-width: 5px;\"><\/div>[vc_empty_space height=&#8221;20px&#8221;][\/vc_column][\/vc_row][vc_row animation=&#8221;fadeInRightBig&#8221; margin_top=&#8221;30&#8243; margin_bottom=&#8221;30&#8243;][vc_column width=&#8221;1\/4&#8243;]<section class=\"shortcode-teaser img-full frame-fancy frame-on zoomIn animate-element\"><div class=\"shortcode-teaser-img\"><a class=\"layzr-bg\" href=\"https:\/\/www.gielle.it\/it\/impianti-antincendio\/\"><img class=\"lazy-load\" src=\"data:image\/svg+xml;charset=utf-8,%3Csvg xmlns%3D&#039;http%3A%2F%2Fwww.w3.org%2F2000%2Fsvg&#039; viewBox%3D&#039;0 0 350 250&#039;%2F%3E\" width=\"350\" height=\"250\" alt=\"Impianti antincendio\" data-srcset=\"https:\/\/www.gielle.it\/it\/wp-content\/uploads\/2015\/10\/f2.jpg 350w\" data-src=\"https:\/\/www.gielle.it\/it\/wp-content\/uploads\/2015\/10\/f2.jpg\" \/><\/a><\/div><div class=\"shortcode-teaser-content text-big\"><h5 style=\"text-align: center;\">Impianti antincendio<\/h5>\n<p style=\"text-align: center;\">Progettazione, realizzazione e manutenzione di impianti di rivelazione e spegnimento incendi con know how specifici.<\/p>\n<p style=\"text-align: center;\"><a href=\"https:\/\/www.gielle.it\/it\/impianti-antincendio\/\" class=\"btn-shortcode dt-btn-s dt-btn default-btn-color default-btn-hover-color default-btn-bg-color default-btn-bg-hover-color ico-right-side\" id=\"dt-btn-1\"><span>DETTAGLI<\/span><i class=\"fa fa-chevron-right\"><\/i><\/a><\/p>\n<\/div><\/section>[vc_empty_space height=&#8221;20px&#8221;][\/vc_column][vc_column width=&#8221;1\/4&#8243;]<section class=\"shortcode-teaser img-full frame-fancy frame-on zoomIn animate-element\"><div class=\"shortcode-teaser-img\"><a class=\"layzr-bg\" href=\"https:\/\/www.gielle.it\/it\/estintori-omologati\/\"><img class=\"lazy-load\" src=\"data:image\/svg+xml;charset=utf-8,%3Csvg xmlns%3D&#039;http%3A%2F%2Fwww.w3.org%2F2000%2Fsvg&#039; viewBox%3D&#039;0 0 350 250&#039;%2F%3E\" width=\"350\" height=\"250\" alt=\"Estintori omologati\" data-srcset=\"https:\/\/www.gielle.it\/it\/wp-content\/uploads\/2015\/10\/f1.jpg 350w\" data-src=\"https:\/\/www.gielle.it\/it\/wp-content\/uploads\/2015\/10\/f1.jpg\" \/><\/a><\/div><div class=\"shortcode-teaser-content text-big\"><h5 style=\"text-align: center;\">Estintori omologati<\/h5>\n<p style=\"text-align: center;\">Estintori portatili e carrellati caricati ad acqua, schiuma, polvere, idocarburi alogenati e anidride carbonica.<\/p>\n<p style=\"text-align: center;\"><a href=\"https:\/\/www.gielle.it\/it\/estintori-omologati\/\" class=\"btn-shortcode dt-btn-s dt-btn default-btn-color default-btn-hover-color default-btn-bg-color default-btn-bg-hover-color ico-right-side\" id=\"dt-btn-2\"><span>DETTAGLI<\/span><i class=\"fa fa-chevron-right\"><\/i><\/a><\/p>\n<\/div><\/section>[vc_empty_space height=&#8221;20px&#8221;][\/vc_column][vc_column width=&#8221;1\/4&#8243;]<section class=\"shortcode-teaser img-full frame-fancy frame-on zoomIn animate-element\"><div class=\"shortcode-teaser-img\"><a class=\"layzr-bg\" href=\"https:\/\/www.gielle.it\/it\/manutenzione-impianti-antincendio\/\"><img class=\"lazy-load\" src=\"data:image\/svg+xml;charset=utf-8,%3Csvg xmlns%3D&#039;http%3A%2F%2Fwww.w3.org%2F2000%2Fsvg&#039; viewBox%3D&#039;0 0 350 250&#039;%2F%3E\" width=\"350\" height=\"250\" alt=\"Manutenzione impianti\" data-srcset=\"https:\/\/www.gielle.it\/it\/wp-content\/uploads\/2015\/10\/f3.jpg 350w\" data-src=\"https:\/\/www.gielle.it\/it\/wp-content\/uploads\/2015\/10\/f3.jpg\" \/><\/a><\/div><div class=\"shortcode-teaser-content text-big\"><h5 style=\"text-align: center;\">Manutenzione impianti<\/h5>\n<p style=\"text-align: center;\">Tutti i sistemi antincendio richiedono regolare manutenzione per funzionare efficacemente.<\/p>\n<p style=\"text-align: center;\"><a href=\"https:\/\/www.gielle.it\/it\/manutenzione-impianti-antincendio\/\" class=\"btn-shortcode dt-btn-s dt-btn default-btn-color default-btn-hover-color default-btn-bg-color default-btn-bg-hover-color ico-right-side\" id=\"dt-btn-3\"><span>DETTAGLI<\/span><i class=\"fa fa-chevron-right\"><\/i><\/a><\/p>\n<\/div><\/section>[vc_empty_space height=&#8221;20px&#8221;][\/vc_column][vc_column width=&#8221;1\/4&#8243;]<section class=\"shortcode-teaser img-full frame-fancy frame-on zoomIn animate-element\"><div class=\"shortcode-teaser-img\"><a class=\"layzr-bg\" href=\"https:\/\/www.gielle.it\/it\/centro-raccolta-halon\/\"><img class=\"lazy-load\" src=\"data:image\/svg+xml;charset=utf-8,%3Csvg xmlns%3D&#039;http%3A%2F%2Fwww.w3.org%2F2000%2Fsvg&#039; viewBox%3D&#039;0 0 350 250&#039;%2F%3E\" width=\"350\" height=\"250\" alt=\"Centro raccolta halon\" data-srcset=\"https:\/\/www.gielle.it\/it\/wp-content\/uploads\/2015\/10\/f4.jpg 350w\" data-src=\"https:\/\/www.gielle.it\/it\/wp-content\/uploads\/2015\/10\/f4.jpg\" \/><\/a><\/div><div class=\"shortcode-teaser-content text-big\"><h5 style=\"text-align: center;\">Centro raccolta halon<\/h5>\n<p style=\"text-align: center;\">Gielle \u00e8 anche &#8220;centro autorizzato di raccolta dell&#8217;halon&#8221; con rilascio di tutte le regolari certificazioni.<\/p>\n<p style=\"text-align: center;\"><a href=\"https:\/\/www.gielle.it\/it\/centro-raccolta-halon\/\" class=\"btn-shortcode dt-btn-s dt-btn default-btn-color default-btn-hover-color default-btn-bg-color default-btn-bg-hover-color ico-right-side\" id=\"dt-btn-4\"><span>DETTAGLI<\/span><i class=\"fa fa-chevron-right\"><\/i><\/a><\/p>\n<\/div><\/section>[vc_empty_space height=&#8221;20px&#8221;][\/vc_column][\/vc_row][vc_row type=&#8221;1&#8243; margin_top=&#8221;35&#8243; margin_bottom=&#8221;-49&#8243; padding_top=&#8221;30&#8243; padding_bottom=&#8221;30&#8243;][vc_column]<section class=\"shortcode-action-box box-style-table no-line fadeInLeft animate-element\"><div class=\"\"><h3>Richiedi un <span class=\"paint-accent-color\">preventivo gratuito<\/span> \u2013 Chiamaci allo <i class=\"fa fa-phone-square\"><\/i> +39 080.3118998<\/h3>\n<h5>Con pi\u00f9 di 400 dipendenti in tutto mondo, Gielle ha la capacit\u00e0 e l\u2019esperienza per fornire<br \/>\nle migliori soluzioni complete di protezione antincendio.<\/h5>\n<\/div><div class=\"shortcode-action-container action-button\"><a href=\"https:\/\/www.gielle.it\/it\/contact-us\/\" class=\"btn-shortcode dt-btn-l dt-btn default-btn-color default-btn-hover-color default-btn-bg-color default-btn-bg-hover-color left-to-right animation-builder\" id=\"dt-btn-5\"><i class=\"fa fa-comments-o\"><\/i><span>Contattaci<\/span><\/a><\/div><\/section>[\/vc_column][\/vc_row]<\/p>\n<\/section>","protected":false},"excerpt":{"rendered":"<p>[vc_row][vc_column width=&#8221;1\/4&#8243;][vc_single_image image=&#8221;36935&#8243; img_size=&#8221;full&#8221; alignment=&#8221;center&#8221;][vc_empty_space height=&#8221;20px&#8221;][vc_column_text] Modello Organizzativo D. Lgs. 231\/2001 [\/vc_column_text][vc_empty_space height=&#8221;20px&#8221;][\/vc_column][vc_column width=&#8221;1\/4&#8243;][vc_single_image image=&#8221;38651&#8243; img_size=&#8221;full&#8221; alignment=&#8221;center&#8221;][vc_empty_space height=&#8221;20px&#8221;][vc_column_text] ISO 50001 [\/vc_column_text][vc_empty_space height=&#8221;20px&#8221;][\/vc_column][vc_column width=&#8221;1\/4&#8243;][vc_single_image image=&#8221;38652&#8243; img_size=&#8221;full&#8221; alignment=&#8221;center&#8221;][vc_empty_space height=&#8221;20px&#8221;][vc_column_text] UNI\/PdR 125:2022 [\/vc_column_text][vc_empty_space height=&#8221;20px&#8221;][\/vc_column][vc_column width=&#8221;1\/4&#8243;][vc_single_image image=&#8221;38836&#8243; img_size=&#8221;full&#8221; alignment=&#8221;center&#8221;][vc_empty_space height=&#8221;20px&#8221;][vc_column_text] ACCREDIA [\/vc_column_text][vc_empty_space height=&#8221;20px&#8221;][\/vc_column][\/vc_row][vc_row][vc_column width=&#8221;1\/4&#8243;][vc_single_image image=&#8221;38837&#8243; img_size=&#8221;full&#8221; alignment=&#8221;center&#8221;][vc_empty_space height=&#8221;20px&#8221;][vc_column_text] UNI EN ISO 9001:2015 UNI EN ISO 14001:2015 UNI EN ISO&hellip;<\/p>\n","protected":false},"author":1,"featured_media":0,"parent":0,"menu_order":0,"comment_status":"closed","ping_status":"closed","template":"","meta":[],"yoast_head":"<!-- This site is optimized with the Yoast SEO plugin v20.8 - https:\/\/yoast.com\/wordpress\/plugins\/seo\/ -->\n<title>Certificazioni - Gielle Industries<\/title>\n<meta name=\"robots\" content=\"index, follow, max-snippet:-1, max-image-preview:large, max-video-preview:-1\" \/>\n<link rel=\"canonical\" href=\"https:\/\/www.gielle.it\/it\/certificazioni\/\" \/>\n<meta property=\"og:locale\" content=\"it_IT\" \/>\n<meta property=\"og:type\" content=\"article\" \/>\n<meta property=\"og:title\" content=\"Certificazioni - Gielle Industries\" \/>\n<meta property=\"og:description\" content=\"[vc_row][vc_column width=&#8221;1\/4&#8243;][vc_single_image image=&#8221;36935&#8243; img_size=&#8221;full&#8221; alignment=&#8221;center&#8221;][vc_empty_space height=&#8221;20px&#8221;][vc_column_text] Modello Organizzativo D. Lgs. 231\/2001 [\/vc_column_text][vc_empty_space height=&#8221;20px&#8221;][\/vc_column][vc_column width=&#8221;1\/4&#8243;][vc_single_image image=&#8221;38651&#8243; img_size=&#8221;full&#8221; alignment=&#8221;center&#8221;][vc_empty_space height=&#8221;20px&#8221;][vc_column_text] ISO 50001 [\/vc_column_text][vc_empty_space height=&#8221;20px&#8221;][\/vc_column][vc_column width=&#8221;1\/4&#8243;][vc_single_image image=&#8221;38652&#8243; img_size=&#8221;full&#8221; alignment=&#8221;center&#8221;][vc_empty_space height=&#8221;20px&#8221;][vc_column_text] UNI\/PdR 125:2022 [\/vc_column_text][vc_empty_space height=&#8221;20px&#8221;][\/vc_column][vc_column width=&#8221;1\/4&#8243;][vc_single_image image=&#8221;38836&#8243; img_size=&#8221;full&#8221; alignment=&#8221;center&#8221;][vc_empty_space height=&#8221;20px&#8221;][vc_column_text] ACCREDIA [\/vc_column_text][vc_empty_space height=&#8221;20px&#8221;][\/vc_column][\/vc_row][vc_row][vc_column width=&#8221;1\/4&#8243;][vc_single_image image=&#8221;38837&#8243; img_size=&#8221;full&#8221; alignment=&#8221;center&#8221;][vc_empty_space height=&#8221;20px&#8221;][vc_column_text] UNI EN ISO 9001:2015 UNI EN ISO 14001:2015 UNI EN ISO&hellip;\" \/>\n<meta property=\"og:url\" content=\"https:\/\/www.gielle.it\/it\/certificazioni\/\" \/>\n<meta property=\"og:site_name\" content=\"Gielle Industries\" \/>\n<meta property=\"article:modified_time\" content=\"2025-11-13T17:01:23+00:00\" \/>\n<meta name=\"twitter:card\" content=\"summary_large_image\" \/>\n<meta name=\"twitter:label1\" content=\"Tempo di lettura stimato\" \/>\n\t<meta name=\"twitter:data1\" content=\"3 minuti\" \/>\n<script type=\"application\/ld+json\" class=\"yoast-schema-graph\">{\"@context\":\"https:\/\/schema.org\",\"@graph\":[{\"@type\":\"WebPage\",\"@id\":\"https:\/\/www.gielle.it\/it\/certificazioni\/\",\"url\":\"https:\/\/www.gielle.it\/it\/certificazioni\/\",\"name\":\"Certificazioni - Gielle Industries\",\"isPartOf\":{\"@id\":\"https:\/\/www.gielle.it\/it\/#website\"},\"datePublished\":\"2018-06-01T08:36:55+00:00\",\"dateModified\":\"2025-11-13T17:01:23+00:00\",\"breadcrumb\":{\"@id\":\"https:\/\/www.gielle.it\/it\/certificazioni\/#breadcrumb\"},\"inLanguage\":\"it-IT\",\"potentialAction\":[{\"@type\":\"ReadAction\",\"target\":[\"https:\/\/www.gielle.it\/it\/certificazioni\/\"]}]},{\"@type\":\"BreadcrumbList\",\"@id\":\"https:\/\/www.gielle.it\/it\/certificazioni\/#breadcrumb\",\"itemListElement\":[{\"@type\":\"ListItem\",\"position\":1,\"name\":\"Home\",\"item\":\"https:\/\/www.gielle.it\/it\/\"},{\"@type\":\"ListItem\",\"position\":2,\"name\":\"Certificazioni\"}]},{\"@type\":\"WebSite\",\"@id\":\"https:\/\/www.gielle.it\/it\/#website\",\"url\":\"https:\/\/www.gielle.it\/it\/\",\"name\":\"Gielle Industries\",\"description\":\"Impianti e sistemi antincendio\",\"potentialAction\":[{\"@type\":\"SearchAction\",\"target\":{\"@type\":\"EntryPoint\",\"urlTemplate\":\"https:\/\/www.gielle.it\/it\/?s={search_term_string}\"},\"query-input\":\"required name=search_term_string\"}],\"inLanguage\":\"it-IT\"}]}<\/script>\n<!-- \/ Yoast SEO plugin. -->","yoast_head_json":{"title":"Certificazioni - Gielle Industries","robots":{"index":"index","follow":"follow","max-snippet":"max-snippet:-1","max-image-preview":"max-image-preview:large","max-video-preview":"max-video-preview:-1"},"canonical":"https:\/\/www.gielle.it\/it\/certificazioni\/","og_locale":"it_IT","og_type":"article","og_title":"Certificazioni - Gielle Industries","og_description":"[vc_row][vc_column width=&#8221;1\/4&#8243;][vc_single_image image=&#8221;36935&#8243; img_size=&#8221;full&#8221; alignment=&#8221;center&#8221;][vc_empty_space height=&#8221;20px&#8221;][vc_column_text] Modello Organizzativo D. Lgs. 231\/2001 [\/vc_column_text][vc_empty_space height=&#8221;20px&#8221;][\/vc_column][vc_column width=&#8221;1\/4&#8243;][vc_single_image image=&#8221;38651&#8243; img_size=&#8221;full&#8221; alignment=&#8221;center&#8221;][vc_empty_space height=&#8221;20px&#8221;][vc_column_text] ISO 50001 [\/vc_column_text][vc_empty_space height=&#8221;20px&#8221;][\/vc_column][vc_column width=&#8221;1\/4&#8243;][vc_single_image image=&#8221;38652&#8243; img_size=&#8221;full&#8221; alignment=&#8221;center&#8221;][vc_empty_space height=&#8221;20px&#8221;][vc_column_text] UNI\/PdR 125:2022 [\/vc_column_text][vc_empty_space height=&#8221;20px&#8221;][\/vc_column][vc_column width=&#8221;1\/4&#8243;][vc_single_image image=&#8221;38836&#8243; img_size=&#8221;full&#8221; alignment=&#8221;center&#8221;][vc_empty_space height=&#8221;20px&#8221;][vc_column_text] ACCREDIA [\/vc_column_text][vc_empty_space height=&#8221;20px&#8221;][\/vc_column][\/vc_row][vc_row][vc_column width=&#8221;1\/4&#8243;][vc_single_image image=&#8221;38837&#8243; img_size=&#8221;full&#8221; alignment=&#8221;center&#8221;][vc_empty_space height=&#8221;20px&#8221;][vc_column_text] UNI EN ISO 9001:2015 UNI EN ISO 14001:2015 UNI EN ISO&hellip;","og_url":"https:\/\/www.gielle.it\/it\/certificazioni\/","og_site_name":"Gielle Industries","article_modified_time":"2025-11-13T17:01:23+00:00","twitter_card":"summary_large_image","twitter_misc":{"Tempo di lettura stimato":"3 minuti"},"schema":{"@context":"https:\/\/schema.org","@graph":[{"@type":"WebPage","@id":"https:\/\/www.gielle.it\/it\/certificazioni\/","url":"https:\/\/www.gielle.it\/it\/certificazioni\/","name":"Certificazioni - Gielle Industries","isPartOf":{"@id":"https:\/\/www.gielle.it\/it\/#website"},"datePublished":"2018-06-01T08:36:55+00:00","dateModified":"2025-11-13T17:01:23+00:00","breadcrumb":{"@id":"https:\/\/www.gielle.it\/it\/certificazioni\/#breadcrumb"},"inLanguage":"it-IT","potentialAction":[{"@type":"ReadAction","target":["https:\/\/www.gielle.it\/it\/certificazioni\/"]}]},{"@type":"BreadcrumbList","@id":"https:\/\/www.gielle.it\/it\/certificazioni\/#breadcrumb","itemListElement":[{"@type":"ListItem","position":1,"name":"Home","item":"https:\/\/www.gielle.it\/it\/"},{"@type":"ListItem","position":2,"name":"Certificazioni"}]},{"@type":"WebSite","@id":"https:\/\/www.gielle.it\/it\/#website","url":"https:\/\/www.gielle.it\/it\/","name":"Gielle Industries","description":"Impianti e sistemi antincendio","potentialAction":[{"@type":"SearchAction","target":{"@type":"EntryPoint","urlTemplate":"https:\/\/www.gielle.it\/it\/?s={search_term_string}"},"query-input":"required name=search_term_string"}],"inLanguage":"it-IT"}]}},"_links":{"self":[{"href":"https:\/\/www.gielle.it\/it\/wp-json\/wp\/v2\/pages\/36929"}],"collection":[{"href":"https:\/\/www.gielle.it\/it\/wp-json\/wp\/v2\/pages"}],"about":[{"href":"https:\/\/www.gielle.it\/it\/wp-json\/wp\/v2\/types\/page"}],"author":[{"embeddable":true,"href":"https:\/\/www.gielle.it\/it\/wp-json\/wp\/v2\/users\/1"}],"replies":[{"embeddable":true,"href":"https:\/\/www.gielle.it\/it\/wp-json\/wp\/v2\/comments?post=36929"}],"version-history":[{"count":0,"href":"https:\/\/www.gielle.it\/it\/wp-json\/wp\/v2\/pages\/36929\/revisions"}],"wp:attachment":[{"href":"https:\/\/www.gielle.it\/it\/wp-json\/wp\/v2\/media?parent=36929"}],"curies":[{"name":"wp","href":"https:\/\/api.w.org\/{rel}","templated":true}]}}